{"id":3657,"date":"2025-08-23T16:43:01","date_gmt":"2025-08-23T16:43:01","guid":{"rendered":"https:\/\/bilingualtherapy.co.uk\/?page_id=3657"},"modified":"2025-09-07T12:02:52","modified_gmt":"2025-09-07T12:02:52","slug":"book-an-appointment-french-team","status":"publish","type":"page","link":"https:\/\/bilingualtherapy.co.uk\/ru\/book-an-appointment-french-team\/","title":{"rendered":"Book an Appointment French Team"},"content":{"rendered":"\t\t<div data-elementor-type=\"wp-page\" data-elementor-id=\"3657\" class=\"elementor elementor-3657\" data-elementor-post-type=\"page\">\n\t\t\t\t<div class=\"elementor-element elementor-element-1c63bad2 e-flex e-con-boxed e-con e-parent\" data-id=\"1c63bad2\" data-element_type=\"container\" data-e-type=\"container\">\n\t\t\t\t\t<div class=\"e-con-inner\">\n\t\t\t\t<div class=\"elementor-element elementor-element-3665bcdf elementor-widget elementor-widget-image\" data-id=\"3665bcdf\" data-element_type=\"widget\" data-e-type=\"widget\" data-widget_type=\"image.default\">\n\t\t\t\t<div class=\"elementor-widget-container\">\n\t\t\t\t\t\t\t\t\t\t\t\t\t\t\t<img fetchpriority=\"high\" decoding=\"async\" width=\"500\" height=\"204\" src=\"https:\/\/bilingualtherapy.co.uk\/wp-content\/uploads\/2025\/07\/cropped-Bilingual-Therapy-Logo.png\" class=\"attachment-large size-large wp-image-26\" alt=\"Bilingual Therapy Logo\" srcset=\"https:\/\/bilingualtherapy.co.uk\/wp-content\/uploads\/2025\/07\/cropped-Bilingual-Therapy-Logo.png 500w, https:\/\/bilingualtherapy.co.uk\/wp-content\/uploads\/2025\/07\/cropped-Bilingual-Therapy-Logo-300x122.png 300w\" sizes=\"(max-width: 500px) 100vw, 500px\" \/>\t\t\t\t\t\t\t\t\t\t\t\t\t\t\t<\/div>\n\t\t\t\t<\/div>\n\t\t\t\t<div class=\"elementor-element elementor-element-4ed1d8d3 elementor-widget elementor-widget-heading\" data-id=\"4ed1d8d3\" data-element_type=\"widget\" data-e-type=\"widget\" data-widget_type=\"heading.default\">\n\t\t\t\t<div class=\"elementor-widget-container\">\n\t\t\t\t\t<h1 class=\"elementor-heading-title elementor-size-default\">Book an Appointment<\/h1>\t\t\t\t<\/div>\n\t\t\t\t<\/div>\n\t\t\t\t<div class=\"elementor-element elementor-element-bad8c72 elementor-widget elementor-widget-text-editor\" data-id=\"bad8c72\" data-element_type=\"widget\" data-e-type=\"widget\" data-widget_type=\"text-editor.default\">\n\t\t\t\t<div class=\"elementor-widget-container\">\n\t\t\t\t\t\t\t\t\t<p>French Team<\/p>\t\t\t\t\t\t\t\t<\/div>\n\t\t\t\t<\/div>\n\t\t\t\t<div class=\"elementor-element elementor-element-326801e9 elementor-button-align-stretch elementor-widget elementor-widget-form\" data-id=\"326801e9\" data-element_type=\"widget\" data-e-type=\"widget\" data-settings=\"{&quot;step_next_label&quot;:&quot;Next&quot;,&quot;step_previous_label&quot;:&quot;Previous&quot;,&quot;button_width&quot;:&quot;100&quot;,&quot;step_type&quot;:&quot;number_text&quot;,&quot;step_icon_shape&quot;:&quot;circle&quot;}\" data-widget_type=\"form.default\">\n\t\t\t\t<div class=\"elementor-widget-container\">\n\t\t\t\t\t\t\t<form class=\"elementor-form\" method=\"post\" name=\"New Form\" aria-label=\"New Form\">\n\t\t\t<input type=\"hidden\" name=\"post_id\" value=\"3657\"\/>\n\t\t\t<input type=\"hidden\" name=\"form_id\" value=\"326801e9\"\/>\n\t\t\t<input type=\"hidden\" name=\"referer_title\" value=\"Book an Appointment French Team\" \/>\n\n\t\t\t\t\t\t\t<input type=\"hidden\" name=\"queried_id\" value=\"3657\"\/>\n\t\t\t\n\t\t\t<div class=\"elementor-form-fields-wrapper elementor-labels-above\">\n\t\t\t\t\t\t\t\t<div class=\"elementor-field-type-text elementor-field-group elementor-column elementor-field-group-name elementor-col-100\">\n\t\t\t\t\t\t\t\t\t\t\t\t\t<input size=\"1\" type=\"text\" name=\"form_fields[name]\" id=\"form-field-name\" class=\"elementor-field elementor-size-sm  elementor-field-textual\" placeholder=\"Name\">\n\t\t\t\t\t\t\t\t\t\t\t<\/div>\n\t\t\t\t\t\t\t\t<div class=\"elementor-field-type-email elementor-field-group elementor-column elementor-field-group-email elementor-col-100 elementor-field-required\">\n\t\t\t\t\t\t\t\t\t\t\t\t\t<input size=\"1\" type=\"email\" name=\"form_fields[email]\" id=\"form-field-email\" class=\"elementor-field elementor-size-sm  elementor-field-textual\" placeholder=\"Email\" required=\"required\">\n\t\t\t\t\t\t\t\t\t\t\t<\/div>\n\t\t\t\t\t\t\t\t<div class=\"elementor-field-type-tel elementor-field-group elementor-column elementor-field-group-field_e987dac elementor-col-100 elementor-field-required\">\n\t\t\t\t\t\t\t<input size=\"1\" type=\"tel\" name=\"form_fields[field_e987dac]\" id=\"form-field-field_e987dac\" class=\"elementor-field elementor-size-sm  elementor-field-textual\" placeholder=\"Mobile \" required=\"required\" pattern=\"[0-9()#&amp;+*-=.]+\" title=\"Seuls les caract\u00e8res de num\u00e9ros de t\u00e9l\u00e9phone (#, -, *, etc.) sont accept\u00e9s.\">\n\n\t\t\t\t\t\t<\/div>\n\t\t\t\t\t\t\t\t<div class=\"elementor-field-type-checkbox elementor-field-group elementor-column elementor-field-group-field_5812c25 elementor-col-100\">\n\t\t\t\t\t\t\t\t\t\t\t\t<label for=\"form-field-field_5812c25\" class=\"elementor-field-label\">\n\t\t\t\t\t\t\t\tYour preferred therapist: <br><br>\t\t\t\t\t\t\t<\/label>\n\t\t\t\t\t\t<div class=\"elementor-field-subgroup  \"><span class=\"elementor-field-option\"><input type=\"checkbox\" value=\"Mannaig Janed Houze\" id=\"form-field-field_5812c25-0\" name=\"form_fields[field_5812c25][]\"> <label for=\"form-field-field_5812c25-0\">Mannaig Janed Houze<\/label><\/span><span class=\"elementor-field-option\"><input type=\"checkbox\" value=\"Magali M. Grazzini \" id=\"form-field-field_5812c25-1\" name=\"form_fields[field_5812c25][]\"> <label for=\"form-field-field_5812c25-1\">Magali M. Grazzini <\/label><\/span><span class=\"elementor-field-option\"><input type=\"checkbox\" value=\"Anais de Santis\" id=\"form-field-field_5812c25-2\" name=\"form_fields[field_5812c25][]\"> <label for=\"form-field-field_5812c25-2\">Anais de Santis<\/label><\/span><span class=\"elementor-field-option\"><input type=\"checkbox\" value=\"Carla Cigognini\" id=\"form-field-field_5812c25-3\" name=\"form_fields[field_5812c25][]\"> <label for=\"form-field-field_5812c25-3\">Carla Cigognini<\/label><\/span><span class=\"elementor-field-option\"><input type=\"checkbox\" value=\"Camille Bertrand\" id=\"form-field-field_5812c25-4\" name=\"form_fields[field_5812c25][]\"> <label for=\"form-field-field_5812c25-4\">Camille Bertrand<\/label><\/span><\/div>\t\t\t\t<\/div>\n\t\t\t\t\t\t\t\t<div class=\"elementor-field-type-textarea elementor-field-group elementor-column elementor-field-group-message elementor-col-100\">\n\t\t\t\t\t<textarea class=\"elementor-field-textual elementor-field  elementor-size-sm\" name=\"form_fields[message]\" id=\"form-field-message\" rows=\"8\" placeholder=\"Your Message\"><\/textarea>\t\t\t\t<\/div>\n\t\t\t\t\t\t\t\t<div class=\"elementor-field-group elementor-column elementor-field-type-submit elementor-col-100 e-form__buttons\">\n\t\t\t\t\t<button class=\"elementor-button elementor-size-sm\" type=\"submit\">\n\t\t\t\t\t\t<span class=\"elementor-button-content-wrapper\">\n\t\t\t\t\t\t\t\t\t\t\t\t\t\t\t\t\t\t\t\t\t\t<span class=\"elementor-button-text\">Send<\/span>\n\t\t\t\t\t\t\t\t\t\t\t\t\t<\/span>\n\t\t\t\t\t<\/button>\n\t\t\t\t<\/div>\n\t\t\t<\/div>\n\t\t<\/form>\n\t\t\t\t\t\t<\/div>\n\t\t\t\t<\/div>\n\t\t\t\t\t<\/div>\n\t\t\t\t<\/div>\n\t\t\t\t<\/div>\n\t\t","protected":false},"excerpt":{"rendered":"<p>Book an Appointment French Team<\/p>\n","protected":false},"author":6,"featured_media":3406,"parent":0,"menu_order":0,"comment_status":"closed","ping_status":"closed","template":"elementor_header_footer","meta":{"_acf_changed":false,"footnotes":""},"class_list":["post-3657","page","type-page","status-publish","has-post-thumbnail","hentry"],"acf":[],"_links":{"self":[{"href":"https:\/\/bilingualtherapy.co.uk\/ru\/wp-json\/wp\/v2\/pages\/3657","targetHints":{"allow":["GET"]}}],"collection":[{"href":"https:\/\/bilingualtherapy.co.uk\/ru\/wp-json\/wp\/v2\/pages"}],"about":[{"href":"https:\/\/bilingualtherapy.co.uk\/ru\/wp-json\/wp\/v2\/types\/page"}],"author":[{"embeddable":true,"href":"https:\/\/bilingualtherapy.co.uk\/ru\/wp-json\/wp\/v2\/users\/6"}],"replies":[{"embeddable":true,"href":"https:\/\/bilingualtherapy.co.uk\/ru\/wp-json\/wp\/v2\/comments?post=3657"}],"version-history":[{"count":7,"href":"https:\/\/bilingualtherapy.co.uk\/ru\/wp-json\/wp\/v2\/pages\/3657\/revisions"}],"predecessor-version":[{"id":3986,"href":"https:\/\/bilingualtherapy.co.uk\/ru\/wp-json\/wp\/v2\/pages\/3657\/revisions\/3986"}],"wp:featuredmedia":[{"embeddable":true,"href":"https:\/\/bilingualtherapy.co.uk\/ru\/wp-json\/wp\/v2\/media\/3406"}],"wp:attachment":[{"href":"https:\/\/bilingualtherapy.co.uk\/ru\/wp-json\/wp\/v2\/media?parent=3657"}],"curies":[{"name":"wp","href":"https:\/\/api.w.org\/{rel}","templated":true}]}}