{"id":2122,"date":"2025-07-26T11:07:56","date_gmt":"2025-07-26T11:07:56","guid":{"rendered":"https:\/\/bilingualtherapy.co.uk\/valutazioni-accademiche\/"},"modified":"2026-02-15T13:12:03","modified_gmt":"2026-02-15T13:12:03","slug":"valutazioni-scolastiche","status":"publish","type":"page","link":"https:\/\/bilingualtherapy.co.uk\/it\/valutazioni-scolastiche\/","title":{"rendered":"VALUTAZIONI SCOLASTICHE"},"content":{"rendered":"\t\t<div data-elementor-type=\"wp-page\" data-elementor-id=\"2122\" class=\"elementor elementor-2122 elementor-1431\" data-elementor-post-type=\"page\">\n\t\t\t\t<div class=\"elementor-element elementor-element-7de43012 e-flex e-con-boxed e-con e-parent\" data-id=\"7de43012\" data-element_type=\"container\" data-e-type=\"container\" data-settings=\"{&quot;background_background&quot;:&quot;classic&quot;}\">\n\t\t\t\t\t<div class=\"e-con-inner\">\n\t\t<div class=\"elementor-element elementor-element-a0cde09 e-con-full e-flex e-con e-child\" data-id=\"a0cde09\" data-element_type=\"container\" data-e-type=\"container\" data-settings=\"{&quot;background_background&quot;:&quot;classic&quot;}\">\n\t\t\t\t<div class=\"elementor-element elementor-element-5482574 elementor-widget elementor-widget-heading\" data-id=\"5482574\" data-element_type=\"widget\" data-e-type=\"widget\" data-widget_type=\"heading.default\">\n\t\t\t\t<div class=\"elementor-widget-container\">\n\t\t\t\t\t<h1 class=\"elementor-heading-title elementor-size-default\">VALUTAZIONI SCOLASTICHE <\/h1>\t\t\t\t<\/div>\n\t\t\t\t<\/div>\n\t\t\t\t<\/div>\n\t\t\t\t\t<\/div>\n\t\t\t\t<\/div>\n\t\t<div class=\"elementor-element elementor-element-244a410 e-flex e-con-boxed e-con e-parent\" data-id=\"244a410\" data-element_type=\"container\" data-e-type=\"container\">\n\t\t\t\t\t<div class=\"e-con-inner\">\n\t\t\t\t<div class=\"elementor-element elementor-element-447e6294 elementor-widget elementor-widget-heading\" data-id=\"447e6294\" data-element_type=\"widget\" data-e-type=\"widget\" data-widget_type=\"heading.default\">\n\t\t\t\t<div class=\"elementor-widget-container\">\n\t\t\t\t\t<p class=\"elementor-heading-title elementor-size-default\">Valutazione scolastica <\/p>\t\t\t\t<\/div>\n\t\t\t\t<\/div>\n\t\t\t\t<div class=\"elementor-element elementor-element-3a2d096b elementor-widget elementor-widget-heading\" data-id=\"3a2d096b\" data-element_type=\"widget\" data-e-type=\"widget\" data-widget_type=\"heading.default\">\n\t\t\t\t<div class=\"elementor-widget-container\">\n\t\t\t\t\t<h2 class=\"elementor-heading-title elementor-size-default\">Disturbi Specifici dell\u2019Apprendimento e misure compensative per gli esami<\/h2>\t\t\t\t<\/div>\n\t\t\t\t<\/div>\n\t\t\t\t<div class=\"elementor-element elementor-element-1f0d8ef elementor-widget elementor-widget-text-editor\" data-id=\"1f0d8ef\" data-element_type=\"widget\" data-e-type=\"widget\" data-widget_type=\"text-editor.default\">\n\t\t\t\t<div class=\"elementor-widget-container\">\n\t\t\t\t\t\t\t\t\t<p>Offriamo valutazioni complete e multidisciplinari per individuare la presenza di Disturbi Specifici dell\u2019Apprendimento (DSA), come dislessia o discalculia, o di altre difficolt\u00e0 di apprendimento.<br>Le valutazioni consentono l\u2019accesso a misure compensative e adattamenti ragionevoli per esami internazionali come GCSE e IB. <\/p>\t\t\t\t\t\t\t\t<\/div>\n\t\t\t\t<\/div>\n\t\t<div class=\"elementor-element elementor-element-1c98e7b e-grid e-con-full e-con e-child\" data-id=\"1c98e7b\" data-element_type=\"container\" data-e-type=\"container\">\n\t\t\t\t<div class=\"elementor-element elementor-element-7c12ef3 elementor-widget elementor-widget-image\" data-id=\"7c12ef3\" data-element_type=\"widget\" data-e-type=\"widget\" data-widget_type=\"image.default\">\n\t\t\t\t<div class=\"elementor-widget-container\">\n\t\t\t\t\t\t\t\t\t\t\t\t\t\t\t<img fetchpriority=\"high\" decoding=\"async\" width=\"751\" height=\"369\" src=\"https:\/\/bilingualtherapy.co.uk\/wp-content\/uploads\/2025\/07\/GCSE.png\" class=\"attachment-large size-large wp-image-1772\" alt=\"\" srcset=\"https:\/\/bilingualtherapy.co.uk\/wp-content\/uploads\/2025\/07\/GCSE.png 751w, https:\/\/bilingualtherapy.co.uk\/wp-content\/uploads\/2025\/07\/GCSE-300x147.png 300w\" sizes=\"(max-width: 751px) 100vw, 751px\" \/>\t\t\t\t\t\t\t\t\t\t\t\t\t\t\t<\/div>\n\t\t\t\t<\/div>\n\t\t\t\t<div class=\"elementor-element elementor-element-594cbce elementor-widget elementor-widget-image\" data-id=\"594cbce\" data-element_type=\"widget\" data-e-type=\"widget\" data-widget_type=\"image.default\">\n\t\t\t\t<div class=\"elementor-widget-container\">\n\t\t\t\t\t\t\t\t\t\t\t\t\t\t\t<img decoding=\"async\" width=\"474\" height=\"248\" src=\"https:\/\/bilingualtherapy.co.uk\/wp-content\/uploads\/2025\/07\/IB-1.webp\" class=\"attachment-large size-large wp-image-1788\" alt=\"\" srcset=\"https:\/\/bilingualtherapy.co.uk\/wp-content\/uploads\/2025\/07\/IB-1.webp 474w, https:\/\/bilingualtherapy.co.uk\/wp-content\/uploads\/2025\/07\/IB-1-300x157.webp 300w\" sizes=\"(max-width: 474px) 100vw, 474px\" \/>\t\t\t\t\t\t\t\t\t\t\t\t\t\t\t<\/div>\n\t\t\t\t<\/div>\n\t\t\t\t<\/div>\n\t\t\t\t\t<\/div>\n\t\t\t\t<\/div>\n\t\t<div class=\"elementor-element elementor-element-4b59114f e-flex e-con-boxed e-con e-parent\" data-id=\"4b59114f\" data-element_type=\"container\" data-e-type=\"container\">\n\t\t\t\t\t<div class=\"e-con-inner\">\n\t\t<div class=\"elementor-element elementor-element-7449387e e-con-full e-flex e-con e-child\" data-id=\"7449387e\" data-element_type=\"container\" data-e-type=\"container\" data-settings=\"{&quot;background_background&quot;:&quot;classic&quot;}\">\n\t\t\t\t<div class=\"elementor-element elementor-element-f6e6160 elementor-widget elementor-widget-heading\" data-id=\"f6e6160\" data-element_type=\"widget\" data-e-type=\"widget\" data-widget_type=\"heading.default\">\n\t\t\t\t<div class=\"elementor-widget-container\">\n\t\t\t\t\t<p class=\"elementor-heading-title elementor-size-default\">Valutazioni in pi\u00f9 lingue<\/p>\t\t\t\t<\/div>\n\t\t\t\t<\/div>\n\t\t\t\t<div class=\"elementor-element elementor-element-7ae72916 elementor-widget elementor-widget-heading\" data-id=\"7ae72916\" data-element_type=\"widget\" data-e-type=\"widget\" data-widget_type=\"heading.default\">\n\t\t\t\t<div class=\"elementor-widget-container\">\n\t\t\t\t\t<h3 class=\"elementor-heading-title elementor-size-default\">Valutazioni <\/h3>\t\t\t\t<\/div>\n\t\t\t\t<\/div>\n\t\t\t\t<div class=\"elementor-element elementor-element-31f84f3a elementor-widget elementor-widget-text-editor\" data-id=\"31f84f3a\" data-element_type=\"widget\" data-e-type=\"widget\" data-widget_type=\"text-editor.default\">\n\t\t\t\t<div class=\"elementor-widget-container\">\n\t\t\t\t\t\t\t\t\t<p>Offriamo valutazioni in inglese, francese, spagnolo, italiano e tedesco, permettendo agli studenti di essere valutati nella lingua in cui si sentono pi\u00f9 sicuri.<\/p><p>Per studenti multilingui, realizziamo anche valutazioni cross-linguistiche che tengono conto del loro specifico background linguistico e del contesto di apprendimento. Questo consente una comprensione pi\u00f9 accurata delle abilit\u00e0, dei punti di forza e delle aree di difficolt\u00e0 nelle diverse lingue. <\/p><p>Offriamo valutazioni in inglese, francese, spagnolo, italiano e tedesco. <\/p>\t\t\t\t\t\t\t\t<\/div>\n\t\t\t\t<\/div>\n\t\t\t\t<div class=\"elementor-element elementor-element-aa08875 elementor-align-center elementor-widget elementor-widget-button\" data-id=\"aa08875\" data-element_type=\"widget\" data-e-type=\"widget\" data-widget_type=\"button.default\">\n\t\t\t\t<div class=\"elementor-widget-container\">\n\t\t\t\t\t\t\t\t\t<div class=\"elementor-button-wrapper\">\n\t\t\t\t\t<a class=\"elementor-button elementor-button-link elementor-size-sm\" href=\"https:\/\/bilingualtherapy.co.uk\/book-an-appointment-now\/\">\n\t\t\t\t\t\t<span class=\"elementor-button-content-wrapper\">\n\t\t\t\t\t\t\t\t\t<span class=\"elementor-button-text\">Prenota un appuntamento <\/span>\n\t\t\t\t\t<\/span>\n\t\t\t\t\t<\/a>\n\t\t\t\t<\/div>\n\t\t\t\t\t\t\t\t<\/div>\n\t\t\t\t<\/div>\n\t\t\t\t<\/div>\n\t\t<div class=\"elementor-element elementor-element-259c7a41 e-con-full e-flex e-con e-child\" data-id=\"259c7a41\" data-element_type=\"container\" data-e-type=\"container\" data-settings=\"{&quot;background_background&quot;:&quot;classic&quot;}\">\n\t\t\t\t<div class=\"elementor-element elementor-element-39987c12 elementor-widget elementor-widget-heading\" data-id=\"39987c12\" data-element_type=\"widget\" data-e-type=\"widget\" data-widget_type=\"heading.default\">\n\t\t\t\t<div class=\"elementor-widget-container\">\n\t\t\t\t\t<p class=\"elementor-heading-title elementor-size-default\">Relazioni diagnostiche valide<\/p>\t\t\t\t<\/div>\n\t\t\t\t<\/div>\n\t\t\t\t<div class=\"elementor-element elementor-element-77e77ee3 elementor-widget elementor-widget-heading\" data-id=\"77e77ee3\" data-element_type=\"widget\" data-e-type=\"widget\" data-widget_type=\"heading.default\">\n\t\t\t\t<div class=\"elementor-widget-container\">\n\t\t\t\t\t<h3 class=\"elementor-heading-title elementor-size-default\">in Italia e all\u2019estero <\/h3>\t\t\t\t<\/div>\n\t\t\t\t<\/div>\n\t\t\t\t<div class=\"elementor-element elementor-element-60f6e102 elementor-widget elementor-widget-text-editor\" data-id=\"60f6e102\" data-element_type=\"widget\" data-e-type=\"widget\" data-widget_type=\"text-editor.default\">\n\t\t\t\t<div class=\"elementor-widget-container\">\n\t\t\t\t\t\t\t\t\t<p class=\"\">Rilasciamo relazioni diagnostiche valide sia in Italia sia all\u2019estero.<\/p><p class=\"\">Operando in Italia, seguiamo la normativa italiana e i requisiti clinici internazionali.<\/p><p class=\"\">La Legge 170\/2010 prevede che la diagnosi di Disturbo Specifico dell\u2019Apprendimento venga effettuata da un\u2019\u00e9quipe composta da: <br><br>&#8211; Psicologo dell\u2019et\u00e0 evolutiva<br>&#8211; Neuropsichiatra infantile<br>&#8211; Logopedista,<br>tutti con esperienza certificata nel settore.<\/p>\t\t\t\t\t\t\t\t<\/div>\n\t\t\t\t<\/div>\n\t\t\t\t<div class=\"elementor-element elementor-element-2fd1714 elementor-align-center elementor-widget elementor-widget-button\" data-id=\"2fd1714\" data-element_type=\"widget\" data-e-type=\"widget\" data-widget_type=\"button.default\">\n\t\t\t\t<div class=\"elementor-widget-container\">\n\t\t\t\t\t\t\t\t\t<div class=\"elementor-button-wrapper\">\n\t\t\t\t\t<a class=\"elementor-button elementor-button-link elementor-size-sm\" href=\"https:\/\/bilingualtherapy.co.uk\/book-an-appointment-now\/\">\n\t\t\t\t\t\t<span class=\"elementor-button-content-wrapper\">\n\t\t\t\t\t\t\t\t\t<span class=\"elementor-button-text\">Prenota un appuntamento <\/span>\n\t\t\t\t\t<\/span>\n\t\t\t\t\t<\/a>\n\t\t\t\t<\/div>\n\t\t\t\t\t\t\t\t<\/div>\n\t\t\t\t<\/div>\n\t\t\t\t<\/div>\n\t\t\t\t\t<\/div>\n\t\t\t\t<\/div>\n\t\t<div class=\"elementor-element elementor-element-1e28274 e-flex e-con-boxed e-con e-parent\" data-id=\"1e28274\" data-element_type=\"container\" data-e-type=\"container\" data-settings=\"{&quot;background_background&quot;:&quot;classic&quot;}\">\n\t\t\t\t\t<div class=\"e-con-inner\">\n\t\t\t\t<div class=\"elementor-element elementor-element-8c71dd0 elementor-widget elementor-widget-heading\" data-id=\"8c71dd0\" data-element_type=\"widget\" data-e-type=\"widget\" data-widget_type=\"heading.default\">\n\t\t\t\t<div class=\"elementor-widget-container\">\n\t\t\t\t\t<p class=\"elementor-heading-title elementor-size-default\">Valutazione scolastica<\/p>\t\t\t\t<\/div>\n\t\t\t\t<\/div>\n\t\t\t\t<div class=\"elementor-element elementor-element-b9e9465 elementor-widget elementor-widget-heading\" data-id=\"b9e9465\" data-element_type=\"widget\" data-e-type=\"widget\" data-widget_type=\"heading.default\">\n\t\t\t\t<div class=\"elementor-widget-container\">\n\t\t\t\t\t<h2 class=\"elementor-heading-title elementor-size-default\">Lingue supportate <\/h2>\t\t\t\t<\/div>\n\t\t\t\t<\/div>\n\t\t\t\t<div class=\"elementor-element elementor-element-eadd89b elementor-widget elementor-widget-text-editor\" data-id=\"eadd89b\" data-element_type=\"widget\" data-e-type=\"widget\" data-widget_type=\"text-editor.default\">\n\t\t\t\t<div class=\"elementor-widget-container\">\n\t\t\t\t\t\t\t\t\t<p>Inglese, francese, spagnolo, italiano e tedesco<\/p>\t\t\t\t\t\t\t\t<\/div>\n\t\t\t\t<\/div>\n\t\t\t\t\t<\/div>\n\t\t\t\t<\/div>\n\t\t\t\t<\/div>\n\t\t","protected":false},"excerpt":{"rendered":"<p>VALUTAZIONI SCOLASTICHE Valutazione scolastica Disturbi Specifici dell\u2019Apprendimento e misure compensative per gli esami Offriamo valutazioni complete e multidisciplinari per individuare la presenza di Disturbi Specifici dell\u2019Apprendimento (DSA), come dislessia o discalculia, o di altre difficolt\u00e0 di apprendimento.Le valutazioni consentono l\u2019accesso a misure compensative e adattamenti ragionevoli per esami internazionali come GCSE e IB. Valutazioni in [&hellip;]<\/p>\n","protected":false},"author":6,"featured_media":1491,"parent":0,"menu_order":0,"comment_status":"closed","ping_status":"closed","template":"elementor_header_footer","meta":{"_acf_changed":false,"footnotes":""},"class_list":["post-2122","page","type-page","status-publish","has-post-thumbnail","hentry"],"acf":[],"_links":{"self":[{"href":"https:\/\/bilingualtherapy.co.uk\/it\/wp-json\/wp\/v2\/pages\/2122","targetHints":{"allow":["GET"]}}],"collection":[{"href":"https:\/\/bilingualtherapy.co.uk\/it\/wp-json\/wp\/v2\/pages"}],"about":[{"href":"https:\/\/bilingualtherapy.co.uk\/it\/wp-json\/wp\/v2\/types\/page"}],"author":[{"embeddable":true,"href":"https:\/\/bilingualtherapy.co.uk\/it\/wp-json\/wp\/v2\/users\/6"}],"replies":[{"embeddable":true,"href":"https:\/\/bilingualtherapy.co.uk\/it\/wp-json\/wp\/v2\/comments?post=2122"}],"version-history":[{"count":14,"href":"https:\/\/bilingualtherapy.co.uk\/it\/wp-json\/wp\/v2\/pages\/2122\/revisions"}],"predecessor-version":[{"id":5850,"href":"https:\/\/bilingualtherapy.co.uk\/it\/wp-json\/wp\/v2\/pages\/2122\/revisions\/5850"}],"wp:featuredmedia":[{"embeddable":true,"href":"https:\/\/bilingualtherapy.co.uk\/it\/wp-json\/wp\/v2\/media\/1491"}],"wp:attachment":[{"href":"https:\/\/bilingualtherapy.co.uk\/it\/wp-json\/wp\/v2\/media?parent=2122"}],"curies":[{"name":"wp","href":"https:\/\/api.w.org\/{rel}","templated":true}]}}