{"id":2135,"date":"2025-07-26T11:07:56","date_gmt":"2025-07-26T11:07:56","guid":{"rendered":"https:\/\/bilingualtherapy.co.uk\/evaluations-academiques\/"},"modified":"2026-02-15T13:53:32","modified_gmt":"2026-02-15T13:53:32","slug":"evaluations-academiques","status":"publish","type":"page","link":"https:\/\/bilingualtherapy.co.uk\/fr\/evaluations-academiques\/","title":{"rendered":"\u00c9valuations acad\u00e9miques"},"content":{"rendered":"\t\t<div data-elementor-type=\"wp-page\" data-elementor-id=\"2135\" class=\"elementor elementor-2135 elementor-1431\" data-elementor-post-type=\"page\">\n\t\t\t\t<div class=\"elementor-element elementor-element-7de43012 e-flex e-con-boxed e-con e-parent\" data-id=\"7de43012\" data-element_type=\"container\" data-e-type=\"container\" data-settings=\"{&quot;background_background&quot;:&quot;classic&quot;}\">\n\t\t\t\t\t<div class=\"e-con-inner\">\n\t\t<div class=\"elementor-element elementor-element-a0cde09 e-con-full e-flex e-con e-child\" data-id=\"a0cde09\" data-element_type=\"container\" data-e-type=\"container\" data-settings=\"{&quot;background_background&quot;:&quot;classic&quot;}\">\n\t\t\t\t<div class=\"elementor-element elementor-element-5482574 elementor-widget elementor-widget-heading\" data-id=\"5482574\" data-element_type=\"widget\" data-e-type=\"widget\" data-widget_type=\"heading.default\">\n\t\t\t\t<div class=\"elementor-widget-container\">\n\t\t\t\t\t<h1 class=\"elementor-heading-title elementor-size-default\">\u00c9valuation acad\u00e9mique <\/h1>\t\t\t\t<\/div>\n\t\t\t\t<\/div>\n\t\t\t\t<\/div>\n\t\t\t\t\t<\/div>\n\t\t\t\t<\/div>\n\t\t<div class=\"elementor-element elementor-element-244a410 e-flex e-con-boxed e-con e-parent\" data-id=\"244a410\" data-element_type=\"container\" data-e-type=\"container\">\n\t\t\t\t\t<div class=\"e-con-inner\">\n\t\t\t\t<div class=\"elementor-element elementor-element-447e6294 elementor-widget elementor-widget-heading\" data-id=\"447e6294\" data-element_type=\"widget\" data-e-type=\"widget\" data-widget_type=\"heading.default\">\n\t\t\t\t<div class=\"elementor-widget-container\">\n\t\t\t\t\t<p class=\"elementor-heading-title elementor-size-default\">\u00c9valuation acad\u00e9mique  <\/p>\t\t\t\t<\/div>\n\t\t\t\t<\/div>\n\t\t\t\t<div class=\"elementor-element elementor-element-3a2d096b elementor-widget elementor-widget-heading\" data-id=\"3a2d096b\" data-element_type=\"widget\" data-e-type=\"widget\" data-widget_type=\"heading.default\">\n\t\t\t\t<div class=\"elementor-widget-container\">\n\t\t\t\t\t<h2 class=\"elementor-heading-title elementor-size-default\">Troubles sp\u00e9cifiques de l\u2019apprentissage et am\u00e9nagements pour les examens<\/h2>\t\t\t\t<\/div>\n\t\t\t\t<\/div>\n\t\t\t\t<div class=\"elementor-element elementor-element-1f0d8ef elementor-widget elementor-widget-text-editor\" data-id=\"1f0d8ef\" data-element_type=\"widget\" data-e-type=\"widget\" data-widget_type=\"text-editor.default\">\n\t\t\t\t<div class=\"elementor-widget-container\">\n\t\t\t\t\t\t\t\t\t<p>Nous proposons des \u00e9valuations compl\u00e8tes et multidisciplinaires afin de d\u00e9terminer si un \u00e9l\u00e8ve pr\u00e9sente un trouble sp\u00e9cifique de l\u2019apprentissage \u2014 tel que la dyslexie ou la dyscalculie \u2014 ou d\u2019autres difficult\u00e9s d\u2019apprentissage. Ces \u00e9valuations peuvent soutenir l\u2019\u00e9ligibilit\u00e9 \u00e0 des am\u00e9nagements particuliers lors d\u2019examens tels que le GCSE ou l\u2019IB.<br> <\/p>\t\t\t\t\t\t\t\t<\/div>\n\t\t\t\t<\/div>\n\t\t<div class=\"elementor-element elementor-element-1c98e7b e-grid e-con-full e-con e-child\" data-id=\"1c98e7b\" data-element_type=\"container\" data-e-type=\"container\">\n\t\t\t\t<div class=\"elementor-element elementor-element-7c12ef3 elementor-widget elementor-widget-image\" data-id=\"7c12ef3\" data-element_type=\"widget\" data-e-type=\"widget\" data-widget_type=\"image.default\">\n\t\t\t\t<div class=\"elementor-widget-container\">\n\t\t\t\t\t\t\t\t\t\t\t\t\t\t\t<img fetchpriority=\"high\" decoding=\"async\" width=\"751\" height=\"369\" src=\"https:\/\/bilingualtherapy.co.uk\/wp-content\/uploads\/2025\/07\/GCSE.png\" class=\"attachment-large size-large wp-image-1770\" alt=\"\" srcset=\"https:\/\/bilingualtherapy.co.uk\/wp-content\/uploads\/2025\/07\/GCSE.png 751w, https:\/\/bilingualtherapy.co.uk\/wp-content\/uploads\/2025\/07\/GCSE-300x147.png 300w\" sizes=\"(max-width: 751px) 100vw, 751px\" \/>\t\t\t\t\t\t\t\t\t\t\t\t\t\t\t<\/div>\n\t\t\t\t<\/div>\n\t\t\t\t<div class=\"elementor-element elementor-element-594cbce elementor-widget elementor-widget-image\" data-id=\"594cbce\" data-element_type=\"widget\" data-e-type=\"widget\" data-widget_type=\"image.default\">\n\t\t\t\t<div class=\"elementor-widget-container\">\n\t\t\t\t\t\t\t\t\t\t\t\t\t\t\t<img decoding=\"async\" width=\"474\" height=\"248\" src=\"https:\/\/bilingualtherapy.co.uk\/wp-content\/uploads\/2025\/07\/IB-1.webp\" class=\"attachment-large size-large wp-image-1786\" alt=\"\" srcset=\"https:\/\/bilingualtherapy.co.uk\/wp-content\/uploads\/2025\/07\/IB-1.webp 474w, https:\/\/bilingualtherapy.co.uk\/wp-content\/uploads\/2025\/07\/IB-1-300x157.webp 300w\" sizes=\"(max-width: 474px) 100vw, 474px\" \/>\t\t\t\t\t\t\t\t\t\t\t\t\t\t\t<\/div>\n\t\t\t\t<\/div>\n\t\t\t\t<\/div>\n\t\t\t\t\t<\/div>\n\t\t\t\t<\/div>\n\t\t<div class=\"elementor-element elementor-element-4b59114f e-flex e-con-boxed e-con e-parent\" data-id=\"4b59114f\" data-element_type=\"container\" data-e-type=\"container\">\n\t\t\t\t\t<div class=\"e-con-inner\">\n\t\t<div class=\"elementor-element elementor-element-7449387e e-con-full e-flex e-con e-child\" data-id=\"7449387e\" data-element_type=\"container\" data-e-type=\"container\" data-settings=\"{&quot;background_background&quot;:&quot;classic&quot;}\">\n\t\t\t\t<div class=\"elementor-element elementor-element-f6e6160 elementor-widget elementor-widget-heading\" data-id=\"f6e6160\" data-element_type=\"widget\" data-e-type=\"widget\" data-widget_type=\"heading.default\">\n\t\t\t\t<div class=\"elementor-widget-container\">\n\t\t\t\t\t<p class=\"elementor-heading-title elementor-size-default\">multilingues<\/p>\t\t\t\t<\/div>\n\t\t\t\t<\/div>\n\t\t\t\t<div class=\"elementor-element elementor-element-7ae72916 elementor-widget elementor-widget-heading\" data-id=\"7ae72916\" data-element_type=\"widget\" data-e-type=\"widget\" data-widget_type=\"heading.default\">\n\t\t\t\t<div class=\"elementor-widget-container\">\n\t\t\t\t\t<h3 class=\"elementor-heading-title elementor-size-default\">\u00c9valuation <\/h3>\t\t\t\t<\/div>\n\t\t\t\t<\/div>\n\t\t\t\t<div class=\"elementor-element elementor-element-31f84f3a elementor-widget elementor-widget-text-editor\" data-id=\"31f84f3a\" data-element_type=\"widget\" data-e-type=\"widget\" data-widget_type=\"text-editor.default\">\n\t\t\t\t<div class=\"elementor-widget-container\">\n\t\t\t\t\t\t\t\t\t<p>Nous proposons des \u00e9valuations en anglais, fran\u00e7ais, espagnol, italien et allemand, permettant aux \u00e9l\u00e8ves d\u2019\u00eatre \u00e9valu\u00e9s dans la langue dans laquelle ils se sentent le plus \u00e0 l\u2019aise.<\/p><p>Pour les \u00e9l\u00e8ves multilingues, nous proposons \u00e9galement des \u00e9valuations interlinguistiques qui prennent en compte leur parcours linguistique et leur contexte d\u2019apprentissage uniques. Cela permet une compr\u00e9hension plus pr\u00e9cise de leurs comp\u00e9tences, points forts et besoins dans diff\u00e9rentes langues. <\/p><p>. <\/p>\t\t\t\t\t\t\t\t<\/div>\n\t\t\t\t<\/div>\n\t\t\t\t<div class=\"elementor-element elementor-element-aa08875 elementor-align-center elementor-widget elementor-widget-button\" data-id=\"aa08875\" data-element_type=\"widget\" data-e-type=\"widget\" data-widget_type=\"button.default\">\n\t\t\t\t<div class=\"elementor-widget-container\">\n\t\t\t\t\t\t\t\t\t<div class=\"elementor-button-wrapper\">\n\t\t\t\t\t<a class=\"elementor-button elementor-button-link elementor-size-sm\" href=\"https:\/\/bilingualtherapy.co.uk\/book-an-appointment-now\/\">\n\t\t\t\t\t\t<span class=\"elementor-button-content-wrapper\">\n\t\t\t\t\t\t\t\t\t<span class=\"elementor-button-text\">Prendre rendez-vous <\/span>\n\t\t\t\t\t<\/span>\n\t\t\t\t\t<\/a>\n\t\t\t\t<\/div>\n\t\t\t\t\t\t\t\t<\/div>\n\t\t\t\t<\/div>\n\t\t\t\t<\/div>\n\t\t<div class=\"elementor-element elementor-element-259c7a41 e-con-full e-flex e-con e-child\" data-id=\"259c7a41\" data-element_type=\"container\" data-e-type=\"container\" data-settings=\"{&quot;background_background&quot;:&quot;classic&quot;}\">\n\t\t\t\t<div class=\"elementor-element elementor-element-39987c12 elementor-widget elementor-widget-heading\" data-id=\"39987c12\" data-element_type=\"widget\" data-e-type=\"widget\" data-widget_type=\"heading.default\">\n\t\t\t\t<div class=\"elementor-widget-container\">\n\t\t\t\t\t<p class=\"elementor-heading-title elementor-size-default\">Rapports valables<\/p>\t\t\t\t<\/div>\n\t\t\t\t<\/div>\n\t\t\t\t<div class=\"elementor-element elementor-element-77e77ee3 elementor-widget elementor-widget-heading\" data-id=\"77e77ee3\" data-element_type=\"widget\" data-e-type=\"widget\" data-widget_type=\"heading.default\">\n\t\t\t\t<div class=\"elementor-widget-container\">\n\t\t\t\t\t<h3 class=\"elementor-heading-title elementor-size-default\">en Italie et \u00e0 l\u2019\u00e9tranger <\/h3>\t\t\t\t<\/div>\n\t\t\t\t<\/div>\n\t\t\t\t<div class=\"elementor-element elementor-element-60f6e102 elementor-widget elementor-widget-text-editor\" data-id=\"60f6e102\" data-element_type=\"widget\" data-e-type=\"widget\" data-widget_type=\"text-editor.default\">\n\t\t\t\t<div class=\"elementor-widget-container\">\n\t\t\t\t\t\t\t\t\t<p class=\"\">Les rapports diagnostiques r\u00e9dig\u00e9s sont valables en Italie et \u00e0 l\u2019\u00e9tranger.<\/p><p class=\"\">\u00c9tant bas\u00e9s en Italie, nous respectons la r\u00e9glementation italienne ainsi que les exigences cliniques internationales.<\/p><p class=\"\">La loi italienne 170\/2010 exige que le diagnostic d\u2019un trouble sp\u00e9cifique de l\u2019apprentissage soit r\u00e9alis\u00e9 par trois professionnels (un psychologue \u00e9ducatif, un neuropsychiatre et un orthophoniste), tous ayant une exp\u00e9rience certifi\u00e9e dans le domaine.<\/p>\t\t\t\t\t\t\t\t<\/div>\n\t\t\t\t<\/div>\n\t\t\t\t<div class=\"elementor-element elementor-element-2fd1714 elementor-align-center elementor-widget elementor-widget-button\" data-id=\"2fd1714\" data-element_type=\"widget\" data-e-type=\"widget\" data-widget_type=\"button.default\">\n\t\t\t\t<div class=\"elementor-widget-container\">\n\t\t\t\t\t\t\t\t\t<div class=\"elementor-button-wrapper\">\n\t\t\t\t\t<a class=\"elementor-button elementor-button-link elementor-size-sm\" href=\"https:\/\/bilingualtherapy.co.uk\/book-an-appointment-now\/\">\n\t\t\t\t\t\t<span class=\"elementor-button-content-wrapper\">\n\t\t\t\t\t\t\t\t\t<span class=\"elementor-button-text\">Prendre rendez-vous <\/span>\n\t\t\t\t\t<\/span>\n\t\t\t\t\t<\/a>\n\t\t\t\t<\/div>\n\t\t\t\t\t\t\t\t<\/div>\n\t\t\t\t<\/div>\n\t\t\t\t<\/div>\n\t\t\t\t\t<\/div>\n\t\t\t\t<\/div>\n\t\t<div class=\"elementor-element elementor-element-1e28274 e-flex e-con-boxed e-con e-parent\" data-id=\"1e28274\" data-element_type=\"container\" data-e-type=\"container\" data-settings=\"{&quot;background_background&quot;:&quot;classic&quot;}\">\n\t\t\t\t\t<div class=\"e-con-inner\">\n\t\t\t\t<div class=\"elementor-element elementor-element-8c71dd0 elementor-widget elementor-widget-heading\" data-id=\"8c71dd0\" data-element_type=\"widget\" data-e-type=\"widget\" data-widget_type=\"heading.default\">\n\t\t\t\t<div class=\"elementor-widget-container\">\n\t\t\t\t\t<p class=\"elementor-heading-title elementor-size-default\">\u00c9valuations acad\u00e9miques<\/p>\t\t\t\t<\/div>\n\t\t\t\t<\/div>\n\t\t\t\t<div class=\"elementor-element elementor-element-b9e9465 elementor-widget elementor-widget-heading\" data-id=\"b9e9465\" data-element_type=\"widget\" data-e-type=\"widget\" data-widget_type=\"heading.default\">\n\t\t\t\t<div class=\"elementor-widget-container\">\n\t\t\t\t\t<h2 class=\"elementor-heading-title elementor-size-default\">Langues prises en charge <\/h2>\t\t\t\t<\/div>\n\t\t\t\t<\/div>\n\t\t\t\t<div class=\"elementor-element elementor-element-eadd89b elementor-widget elementor-widget-text-editor\" data-id=\"eadd89b\" data-element_type=\"widget\" data-e-type=\"widget\" data-widget_type=\"text-editor.default\">\n\t\t\t\t<div class=\"elementor-widget-container\">\n\t\t\t\t\t\t\t\t\t<p>Anglais, fran\u00e7ais, espagnol, italien et allemand<\/p>\t\t\t\t\t\t\t\t<\/div>\n\t\t\t\t<\/div>\n\t\t\t\t\t<\/div>\n\t\t\t\t<\/div>\n\t\t\t\t<\/div>\n\t\t","protected":false},"excerpt":{"rendered":"<p>\u00c9valuation acad\u00e9mique \u00c9valuation acad\u00e9mique Troubles sp\u00e9cifiques de l\u2019apprentissage et am\u00e9nagements pour les examens Nous proposons des \u00e9valuations compl\u00e8tes et multidisciplinaires afin de d\u00e9terminer si un \u00e9l\u00e8ve pr\u00e9sente un trouble sp\u00e9cifique de l\u2019apprentissage \u2014 tel que la dyslexie ou la dyscalculie \u2014 ou d\u2019autres difficult\u00e9s d\u2019apprentissage. Ces \u00e9valuations peuvent soutenir l\u2019\u00e9ligibilit\u00e9 \u00e0 des am\u00e9nagements particuliers lors [&hellip;]<\/p>\n","protected":false},"author":6,"featured_media":1489,"parent":0,"menu_order":0,"comment_status":"closed","ping_status":"closed","template":"elementor_header_footer","meta":{"_acf_changed":false,"footnotes":""},"class_list":["post-2135","page","type-page","status-publish","has-post-thumbnail","hentry"],"acf":[],"_links":{"self":[{"href":"https:\/\/bilingualtherapy.co.uk\/fr\/wp-json\/wp\/v2\/pages\/2135","targetHints":{"allow":["GET"]}}],"collection":[{"href":"https:\/\/bilingualtherapy.co.uk\/fr\/wp-json\/wp\/v2\/pages"}],"about":[{"href":"https:\/\/bilingualtherapy.co.uk\/fr\/wp-json\/wp\/v2\/types\/page"}],"author":[{"embeddable":true,"href":"https:\/\/bilingualtherapy.co.uk\/fr\/wp-json\/wp\/v2\/users\/6"}],"replies":[{"embeddable":true,"href":"https:\/\/bilingualtherapy.co.uk\/fr\/wp-json\/wp\/v2\/comments?post=2135"}],"version-history":[{"count":5,"href":"https:\/\/bilingualtherapy.co.uk\/fr\/wp-json\/wp\/v2\/pages\/2135\/revisions"}],"predecessor-version":[{"id":5875,"href":"https:\/\/bilingualtherapy.co.uk\/fr\/wp-json\/wp\/v2\/pages\/2135\/revisions\/5875"}],"wp:featuredmedia":[{"embeddable":true,"href":"https:\/\/bilingualtherapy.co.uk\/fr\/wp-json\/wp\/v2\/media\/1489"}],"wp:attachment":[{"href":"https:\/\/bilingualtherapy.co.uk\/fr\/wp-json\/wp\/v2\/media?parent=2135"}],"curies":[{"name":"wp","href":"https:\/\/api.w.org\/{rel}","templated":true}]}}