{"id":557,"date":"2025-07-02T14:40:55","date_gmt":"2025-07-02T14:40:55","guid":{"rendered":"https:\/\/bilingualtherapy.co.uk\/startseite\/"},"modified":"2026-02-15T14:03:01","modified_gmt":"2026-02-15T14:03:01","slug":"startseite","status":"publish","type":"page","link":"https:\/\/bilingualtherapy.co.uk\/de\/","title":{"rendered":"HOME PAGE"},"content":{"rendered":"\t\t<div data-elementor-type=\"wp-page\" data-elementor-id=\"557\" class=\"elementor elementor-557 elementor-7\" data-elementor-post-type=\"page\">\n\t\t\t\t<div class=\"elementor-element elementor-element-1acdba75 elementor-hidden-tablet elementor-hidden-mobile e-flex e-con-boxed e-con e-parent\" data-id=\"1acdba75\" data-element_type=\"container\" data-e-type=\"container\" data-settings=\"{&quot;background_background&quot;:&quot;classic&quot;,&quot;background_motion_fx_motion_fx_scrolling&quot;:&quot;yes&quot;,&quot;background_motion_fx_translateY_effect&quot;:&quot;yes&quot;,&quot;background_motion_fx_translateY_speed&quot;:{&quot;unit&quot;:&quot;px&quot;,&quot;size&quot;:4,&quot;sizes&quot;:[]},&quot;background_motion_fx_translateY_affectedRange&quot;:{&quot;unit&quot;:&quot;%&quot;,&quot;size&quot;:&quot;&quot;,&quot;sizes&quot;:{&quot;start&quot;:0,&quot;end&quot;:100}},&quot;background_motion_fx_devices&quot;:[&quot;desktop&quot;,&quot;tablet&quot;,&quot;mobile&quot;]}\">\n\t\t\t\t\t<div class=\"e-con-inner\">\n\t\t<div class=\"elementor-element elementor-element-6f23a84 e-con-full e-flex e-con e-child\" data-id=\"6f23a84\" data-element_type=\"container\" data-e-type=\"container\" data-settings=\"{&quot;background_background&quot;:&quot;classic&quot;}\">\n\t\t\t\t<div class=\"elementor-element elementor-element-2fd86161 elementor-widget elementor-widget-heading\" data-id=\"2fd86161\" data-element_type=\"widget\" data-e-type=\"widget\" data-widget_type=\"heading.default\">\n\t\t\t\t<div class=\"elementor-widget-container\">\n\t\t\t\t\t<h1 class=\"elementor-heading-title elementor-size-default\">Zweisprachige Therapie <\/h1>\t\t\t\t<\/div>\n\t\t\t\t<\/div>\n\t\t\t\t<div class=\"elementor-element elementor-element-0f11b81 elementor-widget elementor-widget-heading\" data-id=\"0f11b81\" data-element_type=\"widget\" data-e-type=\"widget\" data-widget_type=\"heading.default\">\n\t\t\t\t<div class=\"elementor-widget-container\">\n\t\t\t\t\t<h2 class=\"elementor-heading-title elementor-size-default\"> Italienisch, Englisch, Spanisch, Deutsch, Franz\u00f6sisch, Chinesisch, Niederl\u00e4ndisch, Russisch, Arabisch.<\/h2>\t\t\t\t<\/div>\n\t\t\t\t<\/div>\n\t\t\t\t<div class=\"elementor-element elementor-element-1d80da1 elementor-align-center elementor-widget elementor-widget-button\" data-id=\"1d80da1\" data-element_type=\"widget\" data-e-type=\"widget\" data-widget_type=\"button.default\">\n\t\t\t\t<div class=\"elementor-widget-container\">\n\t\t\t\t\t\t\t\t\t<div class=\"elementor-button-wrapper\">\n\t\t\t\t\t<a class=\"elementor-button elementor-button-link elementor-size-sm\" href=\"https:\/\/bilingualtherapy.co.uk\/book-an-appointment-now\/\">\n\t\t\t\t\t\t<span class=\"elementor-button-content-wrapper\">\n\t\t\t\t\t\t\t\t\t<span class=\"elementor-button-text\">Buchen Sie einen Termin <\/span>\n\t\t\t\t\t<\/span>\n\t\t\t\t\t<\/a>\n\t\t\t\t<\/div>\n\t\t\t\t\t\t\t\t<\/div>\n\t\t\t\t<\/div>\n\t\t\t\t<\/div>\n\t\t\t\t\t<\/div>\n\t\t\t\t<\/div>\n\t\t<div class=\"elementor-element elementor-element-c30e817 elementor-hidden-desktop e-flex e-con-boxed e-con e-parent\" data-id=\"c30e817\" data-element_type=\"container\" data-e-type=\"container\" data-settings=\"{&quot;background_background&quot;:&quot;classic&quot;,&quot;background_motion_fx_motion_fx_scrolling&quot;:&quot;yes&quot;,&quot;background_motion_fx_translateY_effect&quot;:&quot;yes&quot;,&quot;background_motion_fx_translateY_speed&quot;:{&quot;unit&quot;:&quot;px&quot;,&quot;size&quot;:4,&quot;sizes&quot;:[]},&quot;background_motion_fx_translateY_affectedRange&quot;:{&quot;unit&quot;:&quot;%&quot;,&quot;size&quot;:&quot;&quot;,&quot;sizes&quot;:{&quot;start&quot;:0,&quot;end&quot;:100}},&quot;background_motion_fx_devices&quot;:[&quot;desktop&quot;,&quot;tablet&quot;,&quot;mobile&quot;]}\">\n\t\t\t\t\t<div class=\"e-con-inner\">\n\t\t<div class=\"elementor-element elementor-element-4cbc063 e-con-full e-flex e-con e-child\" data-id=\"4cbc063\" data-element_type=\"container\" data-e-type=\"container\" data-settings=\"{&quot;background_background&quot;:&quot;classic&quot;}\">\n\t\t\t\t<div class=\"elementor-element elementor-element-38a5076 elementor-widget-mobile__width-inherit elementor-widget elementor-widget-heading\" data-id=\"38a5076\" data-element_type=\"widget\" data-e-type=\"widget\" data-widget_type=\"heading.default\">\n\t\t\t\t<div class=\"elementor-widget-container\">\n\t\t\t\t\t<h1 class=\"elementor-heading-title elementor-size-default\">Zweisprachige Therapie<\/h1>\t\t\t\t<\/div>\n\t\t\t\t<\/div>\n\t\t\t\t<div class=\"elementor-element elementor-element-ba555f9 elementor-widget elementor-widget-heading\" data-id=\"ba555f9\" data-element_type=\"widget\" data-e-type=\"widget\" data-widget_type=\"heading.default\">\n\t\t\t\t<div class=\"elementor-widget-container\">\n\t\t\t\t\t<h2 class=\"elementor-heading-title elementor-size-default\"> Italienisch, Englisch, Spanisch, Deutsch, Franz\u00f6sisch, Chinesisch, Niederl\u00e4ndisch, Russisch, Arabisch.<\/h2>\t\t\t\t<\/div>\n\t\t\t\t<\/div>\n\t\t\t\t<div class=\"elementor-element elementor-element-bc40f87 elementor-align-center elementor-widget elementor-widget-button\" data-id=\"bc40f87\" data-element_type=\"widget\" data-e-type=\"widget\" data-widget_type=\"button.default\">\n\t\t\t\t<div class=\"elementor-widget-container\">\n\t\t\t\t\t\t\t\t\t<div class=\"elementor-button-wrapper\">\n\t\t\t\t\t<a class=\"elementor-button elementor-button-link elementor-size-sm\" href=\"https:\/\/bilingualtherapy.co.uk\/book-an-appointment-now\/\">\n\t\t\t\t\t\t<span class=\"elementor-button-content-wrapper\">\n\t\t\t\t\t\t\t\t\t<span class=\"elementor-button-text\">Buchen Sie einen Termin <\/span>\n\t\t\t\t\t<\/span>\n\t\t\t\t\t<\/a>\n\t\t\t\t<\/div>\n\t\t\t\t\t\t\t\t<\/div>\n\t\t\t\t<\/div>\n\t\t\t\t<\/div>\n\t\t\t\t\t<\/div>\n\t\t\t\t<\/div>\n\t\t<div class=\"elementor-element elementor-element-6a38b29b elementor-hidden-tablet elementor-hidden-mobile e-flex e-con-boxed e-con e-parent\" data-id=\"6a38b29b\" data-element_type=\"container\" data-e-type=\"container\" data-settings=\"{&quot;background_background&quot;:&quot;classic&quot;}\">\n\t\t\t\t\t<div class=\"e-con-inner\">\n\t\t\t\t<div class=\"elementor-element elementor-element-53005eaa elementor-widget elementor-widget-heading\" data-id=\"53005eaa\" data-element_type=\"widget\" data-e-type=\"widget\" data-widget_type=\"heading.default\">\n\t\t\t\t<div class=\"elementor-widget-container\">\n\t\t\t\t\t<p class=\"elementor-heading-title elementor-size-default\">Willkommen bei<\/p>\t\t\t\t<\/div>\n\t\t\t\t<\/div>\n\t\t\t\t<div class=\"elementor-element elementor-element-84a482e elementor-widget elementor-widget-image\" data-id=\"84a482e\" data-element_type=\"widget\" data-e-type=\"widget\" data-widget_type=\"image.default\">\n\t\t\t\t<div class=\"elementor-widget-container\">\n\t\t\t\t\t\t\t\t\t\t\t\t\t\t\t<img fetchpriority=\"high\" decoding=\"async\" width=\"500\" height=\"290\" src=\"https:\/\/bilingualtherapy.co.uk\/wp-content\/uploads\/2025\/07\/Bilingual-Therapy-Logo.png\" class=\"attachment-large size-large wp-image-25\" alt=\"Bilingual Therapy Logo\" srcset=\"https:\/\/bilingualtherapy.co.uk\/wp-content\/uploads\/2025\/07\/Bilingual-Therapy-Logo.png 500w, https:\/\/bilingualtherapy.co.uk\/wp-content\/uploads\/2025\/07\/Bilingual-Therapy-Logo-300x174.png 300w\" sizes=\"(max-width: 500px) 100vw, 500px\" \/>\t\t\t\t\t\t\t\t\t\t\t\t\t\t\t<\/div>\n\t\t\t\t<\/div>\n\t\t\t\t\t<\/div>\n\t\t\t\t<\/div>\n\t\t<div class=\"elementor-element elementor-element-0a71ec8 e-flex e-con-boxed e-con e-parent\" data-id=\"0a71ec8\" data-element_type=\"container\" data-e-type=\"container\" data-settings=\"{&quot;background_background&quot;:&quot;classic&quot;}\">\n\t\t\t\t\t<div class=\"e-con-inner\">\n\t\t<div class=\"elementor-element elementor-element-6452640 e-con-full e-flex e-con e-child\" data-id=\"6452640\" data-element_type=\"container\" data-e-type=\"container\" data-settings=\"{&quot;background_background&quot;:&quot;classic&quot;,&quot;background_motion_fx_motion_fx_scrolling&quot;:&quot;yes&quot;,&quot;background_motion_fx_translateY_effect&quot;:&quot;yes&quot;,&quot;background_motion_fx_translateY_speed&quot;:{&quot;unit&quot;:&quot;px&quot;,&quot;size&quot;:4,&quot;sizes&quot;:[]},&quot;background_motion_fx_translateY_affectedRange&quot;:{&quot;unit&quot;:&quot;%&quot;,&quot;size&quot;:&quot;&quot;,&quot;sizes&quot;:{&quot;start&quot;:0,&quot;end&quot;:100}},&quot;background_motion_fx_devices&quot;:[&quot;desktop&quot;,&quot;tablet&quot;,&quot;mobile&quot;]}\">\n\t\t\t\t<\/div>\n\t\t<div class=\"elementor-element elementor-element-dbf2576 e-con-full e-flex e-con e-child\" data-id=\"dbf2576\" data-element_type=\"container\" data-e-type=\"container\" data-settings=\"{&quot;background_background&quot;:&quot;classic&quot;}\">\n\t\t\t\t<div class=\"elementor-element elementor-element-aad3bc6 elementor-widget elementor-widget-heading\" data-id=\"aad3bc6\" data-element_type=\"widget\" data-e-type=\"widget\" data-widget_type=\"heading.default\">\n\t\t\t\t<div class=\"elementor-widget-container\">\n\t\t\t\t\t<h2 class=\"elementor-heading-title elementor-size-default\">Was Wir Tun <\/h2>\t\t\t\t<\/div>\n\t\t\t\t<\/div>\n\t\t\t\t<div class=\"elementor-element elementor-element-880db17 elementor-widget elementor-widget-text-editor\" data-id=\"880db17\" data-element_type=\"widget\" data-e-type=\"widget\" data-widget_type=\"text-editor.default\">\n\t\t\t\t<div class=\"elementor-widget-container\">\n\t\t\t\t\t\t\t\t\t<p class=\"\">Unser Team vereint hochqualifizierte Fachkr\u00e4fte mit einem tiefen Verst\u00e4ndnis f\u00fcr die Bed\u00fcrfnisse bilingualer Personen und internationaler Familien. Mit umfangreicher Erfahrung in interkultureller Arbeit bieten wir Betreuung, die sowohl sprachlich als auch kulturell fundiert ist. <\/p><p class=\"\">Wir bieten Unterst\u00fctzung in mehreren Sprachen an \u2013 einige Teammitglieder sind bilingual, andere sind Muttersprachler \u2013 wodurch wir in einer Vielzahl kultureller Kontexte arbeiten k\u00f6nnen.<\/p><p class=\"\">Egal, ob Sie Unterst\u00fctzung in Ihrer Muttersprache suchen oder sich an das Leben in einer neuen Kultur anpassen, wir sind hier, um Ihnen in der Sprache zu helfen, die sich f\u00fcr Sie am nat\u00fcrlichsten anf\u00fchlt.<\/p>\t\t\t\t\t\t\t\t<\/div>\n\t\t\t\t<\/div>\n\t\t\t\t<\/div>\n\t\t\t\t\t<\/div>\n\t\t\t\t<\/div>\n\t\t<div class=\"elementor-element elementor-element-402bdb4 e-flex e-con-boxed e-con e-parent\" data-id=\"402bdb4\" data-element_type=\"container\" data-e-type=\"container\">\n\t\t\t\t\t<div class=\"e-con-inner\">\n\t\t\t\t<div class=\"elementor-element elementor-element-8cc5322 elementor-widget elementor-widget-heading\" data-id=\"8cc5322\" data-element_type=\"widget\" data-e-type=\"widget\" data-widget_type=\"heading.default\">\n\t\t\t\t<div class=\"elementor-widget-container\">\n\t\t\t\t\t<p class=\"elementor-heading-title elementor-size-default\">spezialisierte klinische Dienstleistungen  <\/p>\t\t\t\t<\/div>\n\t\t\t\t<\/div>\n\t\t\t\t<div class=\"elementor-element elementor-element-f40053e elementor-widget elementor-widget-heading\" data-id=\"f40053e\" data-element_type=\"widget\" data-e-type=\"widget\" data-widget_type=\"heading.default\">\n\t\t\t\t<div class=\"elementor-widget-container\">\n\t\t\t\t\t<h2 class=\"elementor-heading-title elementor-size-default\">Wie wir Ihnen helfen k\u00f6nnen<\/h2>\t\t\t\t<\/div>\n\t\t\t\t<\/div>\n\t\t\t\t<div class=\"elementor-element elementor-element-e10c2fb elementor-grid-3 elementor-grid-tablet-2 elementor-grid-mobile-1 elementor-posts--thumbnail-top elementor-card-shadow-yes elementor-posts__hover-gradient elementor-widget elementor-widget-posts\" data-id=\"e10c2fb\" data-element_type=\"widget\" data-e-type=\"widget\" data-settings=\"{&quot;cards_row_gap&quot;:{&quot;unit&quot;:&quot;px&quot;,&quot;size&quot;:45,&quot;sizes&quot;:[]},&quot;cards_columns&quot;:&quot;3&quot;,&quot;cards_columns_tablet&quot;:&quot;2&quot;,&quot;cards_columns_mobile&quot;:&quot;1&quot;,&quot;cards_row_gap_tablet&quot;:{&quot;unit&quot;:&quot;px&quot;,&quot;size&quot;:&quot;&quot;,&quot;sizes&quot;:[]},&quot;cards_row_gap_mobile&quot;:{&quot;unit&quot;:&quot;px&quot;,&quot;size&quot;:&quot;&quot;,&quot;sizes&quot;:[]}}\" data-widget_type=\"posts.cards\">\n\t\t\t\t<div class=\"elementor-widget-container\">\n\t\t\t\t\t\t\t<div class=\"elementor-posts-container elementor-posts elementor-posts--skin-cards elementor-grid\" role=\"list\">\n\t\t\t\t<article class=\"elementor-post elementor-grid-item post-2166 page type-page status-publish has-post-thumbnail hentry\" role=\"listitem\">\n\t\t\t<div class=\"elementor-post__card\">\n\t\t\t\t<a class=\"elementor-post__thumbnail__link\" href=\"https:\/\/bilingualtherapy.co.uk\/de\/unsere-dienstleistungen\/\" tabindex=\"-1\" ><div class=\"elementor-post__thumbnail\"><img decoding=\"async\" width=\"1900\" height=\"700\" src=\"https:\/\/bilingualtherapy.co.uk\/wp-content\/uploads\/2025\/07\/Untitled-design-3-1.png\" class=\"attachment-full size-full wp-image-1498\" alt=\"\" srcset=\"https:\/\/bilingualtherapy.co.uk\/wp-content\/uploads\/2025\/07\/Untitled-design-3-1.png 1900w, https:\/\/bilingualtherapy.co.uk\/wp-content\/uploads\/2025\/07\/Untitled-design-3-1-300x111.png 300w, https:\/\/bilingualtherapy.co.uk\/wp-content\/uploads\/2025\/07\/Untitled-design-3-1-1024x377.png 1024w, https:\/\/bilingualtherapy.co.uk\/wp-content\/uploads\/2025\/07\/Untitled-design-3-1-768x283.png 768w, https:\/\/bilingualtherapy.co.uk\/wp-content\/uploads\/2025\/07\/Untitled-design-3-1-1536x566.png 1536w\" sizes=\"(max-width: 1900px) 100vw, 1900px\" \/><\/div><\/a>\n\t\t\t\t<div class=\"elementor-post__text\">\n\t\t\t\t<h3 class=\"elementor-post__title\">\n\t\t\t<a href=\"https:\/\/bilingualtherapy.co.uk\/de\/unsere-dienstleistungen\/\" >\n\t\t\t\tBEWERTUNGS- UND THERAPIEDIENSTLEISTUNGEN\t\t\t<\/a>\n\t\t<\/h3>\n\t\t\t\t\t<div class=\"elementor-post__read-more-wrapper\">\n\t\t\n\t\t<a class=\"elementor-post__read-more\" href=\"https:\/\/bilingualtherapy.co.uk\/de\/unsere-dienstleistungen\/\" aria-label=\"Mehr \u00fcber BEWERTUNGS- UND THERAPIEDIENSTLEISTUNGEN\" tabindex=\"-1\" >\n\t\t\tMehr erfahren \"\t\t<\/a>\n\n\t\t\t\t\t<\/div>\n\t\t\t\t<\/div>\n\t\t\t\t\t<\/div>\n\t\t<\/article>\n\t\t\t\t<article class=\"elementor-post elementor-grid-item post-2177 page type-page status-publish has-post-thumbnail hentry\" role=\"listitem\">\n\t\t\t<div class=\"elementor-post__card\">\n\t\t\t\t<a class=\"elementor-post__thumbnail__link\" href=\"https:\/\/bilingualtherapy.co.uk\/de\/therapeuten\/\" tabindex=\"-1\" ><div class=\"elementor-post__thumbnail\"><img decoding=\"async\" width=\"1744\" height=\"1038\" src=\"https:\/\/bilingualtherapy.co.uk\/wp-content\/uploads\/2025\/07\/Flags.jpg\" class=\"attachment-full size-full wp-image-3694\" alt=\"Assessments and Therapy Services\" srcset=\"https:\/\/bilingualtherapy.co.uk\/wp-content\/uploads\/2025\/07\/Flags.jpg 1744w, https:\/\/bilingualtherapy.co.uk\/wp-content\/uploads\/2025\/07\/Flags-300x179.jpg 300w, https:\/\/bilingualtherapy.co.uk\/wp-content\/uploads\/2025\/07\/Flags-1024x609.jpg 1024w, https:\/\/bilingualtherapy.co.uk\/wp-content\/uploads\/2025\/07\/Flags-768x457.jpg 768w, https:\/\/bilingualtherapy.co.uk\/wp-content\/uploads\/2025\/07\/Flags-1536x914.jpg 1536w\" sizes=\"(max-width: 1744px) 100vw, 1744px\" \/><\/div><\/a>\n\t\t\t\t<div class=\"elementor-post__text\">\n\t\t\t\t<h3 class=\"elementor-post__title\">\n\t\t\t<a href=\"https:\/\/bilingualtherapy.co.uk\/de\/therapeuten\/\" >\n\t\t\t\tTherapeuten\t\t\t<\/a>\n\t\t<\/h3>\n\t\t\t\t\t<div class=\"elementor-post__read-more-wrapper\">\n\t\t\n\t\t<a class=\"elementor-post__read-more\" href=\"https:\/\/bilingualtherapy.co.uk\/de\/therapeuten\/\" aria-label=\"Mehr \u00fcber Therapeuten\" tabindex=\"-1\" >\n\t\t\tMehr erfahren \"\t\t<\/a>\n\n\t\t\t\t\t<\/div>\n\t\t\t\t<\/div>\n\t\t\t\t\t<\/div>\n\t\t<\/article>\n\t\t\t\t<article class=\"elementor-post elementor-grid-item post-3433 page type-page status-publish has-post-thumbnail hentry\" role=\"listitem\">\n\t\t\t<div class=\"elementor-post__card\">\n\t\t\t\t<a class=\"elementor-post__thumbnail__link\" href=\"https:\/\/bilingualtherapy.co.uk\/de\/book-an-appointment-now\/\" tabindex=\"-1\" ><div class=\"elementor-post__thumbnail\"><img loading=\"lazy\" decoding=\"async\" width=\"1900\" height=\"700\" src=\"https:\/\/bilingualtherapy.co.uk\/wp-content\/uploads\/2025\/08\/Untitled-design-9.png\" class=\"attachment-full size-full wp-image-3406\" alt=\"Book an Appointment\" srcset=\"https:\/\/bilingualtherapy.co.uk\/wp-content\/uploads\/2025\/08\/Untitled-design-9.png 1900w, https:\/\/bilingualtherapy.co.uk\/wp-content\/uploads\/2025\/08\/Untitled-design-9-300x111.png 300w, https:\/\/bilingualtherapy.co.uk\/wp-content\/uploads\/2025\/08\/Untitled-design-9-1024x377.png 1024w, https:\/\/bilingualtherapy.co.uk\/wp-content\/uploads\/2025\/08\/Untitled-design-9-768x283.png 768w, https:\/\/bilingualtherapy.co.uk\/wp-content\/uploads\/2025\/08\/Untitled-design-9-1536x566.png 1536w\" sizes=\"(max-width: 1900px) 100vw, 1900px\" \/><\/div><\/a>\n\t\t\t\t<div class=\"elementor-post__text\">\n\t\t\t\t<h3 class=\"elementor-post__title\">\n\t\t\t<a href=\"https:\/\/bilingualtherapy.co.uk\/de\/book-an-appointment-now\/\" >\n\t\t\t\tBook an Appointment\t\t\t<\/a>\n\t\t<\/h3>\n\t\t\t\t\t<div class=\"elementor-post__read-more-wrapper\">\n\t\t\n\t\t<a class=\"elementor-post__read-more\" href=\"https:\/\/bilingualtherapy.co.uk\/de\/book-an-appointment-now\/\" aria-label=\"Mehr \u00fcber Book an Appointment\" tabindex=\"-1\" >\n\t\t\tMehr erfahren \"\t\t<\/a>\n\n\t\t\t\t\t<\/div>\n\t\t\t\t<\/div>\n\t\t\t\t\t<\/div>\n\t\t<\/article>\n\t\t\t\t<\/div>\n\t\t\n\t\t\t\t\t\t<\/div>\n\t\t\t\t<\/div>\n\t\t\t\t\t<\/div>\n\t\t\t\t<\/div>\n\t\t<div class=\"elementor-element elementor-element-e8da2dc e-flex e-con-boxed e-con e-parent\" data-id=\"e8da2dc\" data-element_type=\"container\" data-e-type=\"container\" data-settings=\"{&quot;background_background&quot;:&quot;classic&quot;}\">\n\t\t\t\t\t<div class=\"e-con-inner\">\n\t\t\t\t<div class=\"elementor-element elementor-element-989b65d elementor-widget elementor-widget-heading\" data-id=\"989b65d\" data-element_type=\"widget\" data-e-type=\"widget\" data-widget_type=\"heading.default\">\n\t\t\t\t<div class=\"elementor-widget-container\">\n\t\t\t\t\t<p class=\"elementor-heading-title elementor-size-default\">mehrsprachig<\/p>\t\t\t\t<\/div>\n\t\t\t\t<\/div>\n\t\t\t\t<div class=\"elementor-element elementor-element-6f84c63 elementor-widget elementor-widget-heading\" data-id=\"6f84c63\" data-element_type=\"widget\" data-e-type=\"widget\" data-widget_type=\"heading.default\">\n\t\t\t\t<div class=\"elementor-widget-container\">\n\t\t\t\t\t<h2 class=\"elementor-heading-title elementor-size-default\">Von uns unterst\u00fctzte Sprachen <\/h2>\t\t\t\t<\/div>\n\t\t\t\t<\/div>\n\t\t\t\t<div class=\"elementor-element elementor-element-7f8ad97 elementor-widget elementor-widget-text-editor\" data-id=\"7f8ad97\" data-element_type=\"widget\" data-e-type=\"widget\" data-widget_type=\"text-editor.default\">\n\t\t\t\t<div class=\"elementor-widget-container\">\n\t\t\t\t\t\t\t\t\t<p> Italian, English, Spanish, German, French, Chinese, Dutch, Russian, Arabic<\/p>\t\t\t\t\t\t\t\t<\/div>\n\t\t\t\t<\/div>\n\t\t\t\t\t<\/div>\n\t\t\t\t<\/div>\n\t\t\t\t<\/div>\n\t\t","protected":false},"excerpt":{"rendered":"<p>Zweisprachige Therapie Italienisch, Englisch, Spanisch, Deutsch, Franz\u00f6sisch, Chinesisch, Niederl\u00e4ndisch, Russisch, Arabisch. Buchen Sie einen Termin Zweisprachige Therapie Italienisch, Englisch, Spanisch, Deutsch, Franz\u00f6sisch, Chinesisch, Niederl\u00e4ndisch, Russisch,<\/p>\n","protected":false},"author":6,"featured_media":0,"parent":0,"menu_order":0,"comment_status":"closed","ping_status":"closed","template":"elementor_header_footer","meta":{"_acf_changed":false,"footnotes":""},"class_list":["post-557","page","type-page","status-publish","hentry"],"acf":[],"_links":{"self":[{"href":"https:\/\/bilingualtherapy.co.uk\/de\/wp-json\/wp\/v2\/pages\/557","targetHints":{"allow":["GET"]}}],"collection":[{"href":"https:\/\/bilingualtherapy.co.uk\/de\/wp-json\/wp\/v2\/pages"}],"about":[{"href":"https:\/\/bilingualtherapy.co.uk\/de\/wp-json\/wp\/v2\/types\/page"}],"author":[{"embeddable":true,"href":"https:\/\/bilingualtherapy.co.uk\/de\/wp-json\/wp\/v2\/users\/6"}],"replies":[{"embeddable":true,"href":"https:\/\/bilingualtherapy.co.uk\/de\/wp-json\/wp\/v2\/comments?post=557"}],"version-history":[{"count":16,"href":"https:\/\/bilingualtherapy.co.uk\/de\/wp-json\/wp\/v2\/pages\/557\/revisions"}],"predecessor-version":[{"id":5879,"href":"https:\/\/bilingualtherapy.co.uk\/de\/wp-json\/wp\/v2\/pages\/557\/revisions\/5879"}],"wp:attachment":[{"href":"https:\/\/bilingualtherapy.co.uk\/de\/wp-json\/wp\/v2\/media?parent=557"}],"curies":[{"name":"wp","href":"https:\/\/api.w.org\/{rel}","templated":true}]}}