{"id":2128,"date":"2025-07-26T11:07:56","date_gmt":"2025-07-26T11:07:56","guid":{"rendered":"https:\/\/bilingualtherapy.co.uk\/akademische-beurteilungen\/"},"modified":"2026-02-15T14:07:10","modified_gmt":"2026-02-15T14:07:10","slug":"akademische-beurteilungen","status":"publish","type":"page","link":"https:\/\/bilingualtherapy.co.uk\/de\/akademische-beurteilungen\/","title":{"rendered":"ERKENNUNG UND BEWERTUNG VON LERNSCHWIERIGKEITEN"},"content":{"rendered":"\t\t<div data-elementor-type=\"wp-page\" data-elementor-id=\"2128\" class=\"elementor elementor-2128 elementor-1431\" data-elementor-post-type=\"page\">\n\t\t\t\t<div class=\"elementor-element elementor-element-7de43012 e-flex e-con-boxed e-con e-parent\" data-id=\"7de43012\" data-element_type=\"container\" data-e-type=\"container\" data-settings=\"{&quot;background_background&quot;:&quot;classic&quot;}\">\n\t\t\t\t\t<div class=\"e-con-inner\">\n\t\t<div class=\"elementor-element elementor-element-a0cde09 e-con-full e-flex e-con e-child\" data-id=\"a0cde09\" data-element_type=\"container\" data-e-type=\"container\" data-settings=\"{&quot;background_background&quot;:&quot;classic&quot;}\">\n\t\t\t\t<div class=\"elementor-element elementor-element-5482574 elementor-widget elementor-widget-heading\" data-id=\"5482574\" data-element_type=\"widget\" data-e-type=\"widget\" data-widget_type=\"heading.default\">\n\t\t\t\t<div class=\"elementor-widget-container\">\n\t\t\t\t\t<h1 class=\"elementor-heading-title elementor-size-default\">ERKENNUNG UND BEWERTUNG VON LERNSCHWIERIGKEITEN <\/h1>\t\t\t\t<\/div>\n\t\t\t\t<\/div>\n\t\t\t\t<\/div>\n\t\t\t\t\t<\/div>\n\t\t\t\t<\/div>\n\t\t<div class=\"elementor-element elementor-element-244a410 e-flex e-con-boxed e-con e-parent\" data-id=\"244a410\" data-element_type=\"container\" data-e-type=\"container\">\n\t\t\t\t\t<div class=\"e-con-inner\">\n\t\t\t\t<div class=\"elementor-element elementor-element-447e6294 elementor-widget elementor-widget-heading\" data-id=\"447e6294\" data-element_type=\"widget\" data-e-type=\"widget\" data-widget_type=\"heading.default\">\n\t\t\t\t<div class=\"elementor-widget-container\">\n\t\t\t\t\t<p class=\"elementor-heading-title elementor-size-default\">ERKENNUNG UND BEWERTUNG VON LERNSCHWIERIGKEITEN <\/p>\t\t\t\t<\/div>\n\t\t\t\t<\/div>\n\t\t\t\t<div class=\"elementor-element elementor-element-3a2d096b elementor-widget elementor-widget-heading\" data-id=\"3a2d096b\" data-element_type=\"widget\" data-e-type=\"widget\" data-widget_type=\"heading.default\">\n\t\t\t\t<div class=\"elementor-widget-container\">\n\t\t\t\t\t<h2 class=\"elementor-heading-title elementor-size-default\">Spezifische Lernst\u00f6rungen und Pr\u00fcfungsanpassungen<\/h2>\t\t\t\t<\/div>\n\t\t\t\t<\/div>\n\t\t\t\t<div class=\"elementor-element elementor-element-1f0d8ef elementor-widget elementor-widget-text-editor\" data-id=\"1f0d8ef\" data-element_type=\"widget\" data-e-type=\"widget\" data-widget_type=\"text-editor.default\">\n\t\t\t\t<div class=\"elementor-widget-container\">\n\t\t\t\t\t\t\t\t\t<p>Wir bieten umfassende, multidisziplin\u00e4re Beurteilungen an, um festzustellen, ob eine Sch\u00fclerin eine spezifische Lernst\u00f6rung \u2013 wie Legasthenie oder Dyskalkulie \u2013 oder andere Lernschwierigkeiten hat. Diese Beurteilungen k\u00f6nnen zur Berechtigung von Pr\u00fcfungsanpassungen f\u00fchren, wie Zugangserleichterungen und Nachteilsausgleiche bei Pr\u00fcfungen wie dem Abitur oder anderen Abschl\u00fcssen. <\/p>\t\t\t\t\t\t\t\t<\/div>\n\t\t\t\t<\/div>\n\t\t<div class=\"elementor-element elementor-element-1c98e7b e-grid e-con-full e-con e-child\" data-id=\"1c98e7b\" data-element_type=\"container\" data-e-type=\"container\">\n\t\t\t\t<div class=\"elementor-element elementor-element-7c12ef3 elementor-widget elementor-widget-image\" data-id=\"7c12ef3\" data-element_type=\"widget\" data-e-type=\"widget\" data-widget_type=\"image.default\">\n\t\t\t\t<div class=\"elementor-widget-container\">\n\t\t\t\t\t\t\t\t\t\t\t\t\t\t\t<img fetchpriority=\"high\" decoding=\"async\" width=\"751\" height=\"369\" src=\"https:\/\/bilingualtherapy.co.uk\/wp-content\/uploads\/2025\/07\/GCSE.png\" class=\"attachment-large size-large wp-image-1771\" alt=\"\" srcset=\"https:\/\/bilingualtherapy.co.uk\/wp-content\/uploads\/2025\/07\/GCSE.png 751w, https:\/\/bilingualtherapy.co.uk\/wp-content\/uploads\/2025\/07\/GCSE-300x147.png 300w\" sizes=\"(max-width: 751px) 100vw, 751px\" \/>\t\t\t\t\t\t\t\t\t\t\t\t\t\t\t<\/div>\n\t\t\t\t<\/div>\n\t\t\t\t<div class=\"elementor-element elementor-element-594cbce elementor-widget elementor-widget-image\" data-id=\"594cbce\" data-element_type=\"widget\" data-e-type=\"widget\" data-widget_type=\"image.default\">\n\t\t\t\t<div class=\"elementor-widget-container\">\n\t\t\t\t\t\t\t\t\t\t\t\t\t\t\t<img decoding=\"async\" width=\"474\" height=\"248\" src=\"https:\/\/bilingualtherapy.co.uk\/wp-content\/uploads\/2025\/07\/IB-1.webp\" class=\"attachment-large size-large wp-image-1787\" alt=\"\" srcset=\"https:\/\/bilingualtherapy.co.uk\/wp-content\/uploads\/2025\/07\/IB-1.webp 474w, https:\/\/bilingualtherapy.co.uk\/wp-content\/uploads\/2025\/07\/IB-1-300x157.webp 300w\" sizes=\"(max-width: 474px) 100vw, 474px\" \/>\t\t\t\t\t\t\t\t\t\t\t\t\t\t\t<\/div>\n\t\t\t\t<\/div>\n\t\t\t\t<\/div>\n\t\t\t\t\t<\/div>\n\t\t\t\t<\/div>\n\t\t<div class=\"elementor-element elementor-element-4b59114f e-flex e-con-boxed e-con e-parent\" data-id=\"4b59114f\" data-element_type=\"container\" data-e-type=\"container\">\n\t\t\t\t\t<div class=\"e-con-inner\">\n\t\t<div class=\"elementor-element elementor-element-7449387e e-con-full e-flex e-con e-child\" data-id=\"7449387e\" data-element_type=\"container\" data-e-type=\"container\" data-settings=\"{&quot;background_background&quot;:&quot;classic&quot;}\">\n\t\t\t\t<div class=\"elementor-element elementor-element-f6e6160 elementor-widget elementor-widget-heading\" data-id=\"f6e6160\" data-element_type=\"widget\" data-e-type=\"widget\" data-widget_type=\"heading.default\">\n\t\t\t\t<div class=\"elementor-widget-container\">\n\t\t\t\t\t<p class=\"elementor-heading-title elementor-size-default\">mehrere sprachen<\/p>\t\t\t\t<\/div>\n\t\t\t\t<\/div>\n\t\t\t\t<div class=\"elementor-element elementor-element-7ae72916 elementor-widget elementor-widget-heading\" data-id=\"7ae72916\" data-element_type=\"widget\" data-e-type=\"widget\" data-widget_type=\"heading.default\">\n\t\t\t\t<div class=\"elementor-widget-container\">\n\t\t\t\t\t<h3 class=\"elementor-heading-title elementor-size-default\">Bewertung <\/h3>\t\t\t\t<\/div>\n\t\t\t\t<\/div>\n\t\t\t\t<div class=\"elementor-element elementor-element-31f84f3a elementor-widget elementor-widget-text-editor\" data-id=\"31f84f3a\" data-element_type=\"widget\" data-e-type=\"widget\" data-widget_type=\"text-editor.default\">\n\t\t\t\t<div class=\"elementor-widget-container\">\n\t\t\t\t\t\t\t\t\t<p>Wir bieten Bewertungen in Englisch, Franz\u00f6sisch, Spanisch, Italienisch und Deutsch an, damit Sch\u00fclerinnen in der Sprache bewertet werden k\u00f6nnen, in der sie sich am wohlsten f\u00fchlen.<\/p><p>F\u00fcr mehrsprachige Sch\u00fclerinnen bieten wir auch sprach\u00fcbergreifende Bewertungen an, die ihren einzigartigen sprachlichen Hintergrund und Lernkontext ber\u00fccksichtigen. Dies gew\u00e4hrleistet ein genaues Verst\u00e4ndnis ihrer F\u00e4higkeiten, St\u00e4rken und Bed\u00fcrfnisse in verschiedenen Sprachen. <\/p><p>. <\/p>\t\t\t\t\t\t\t\t<\/div>\n\t\t\t\t<\/div>\n\t\t\t\t<div class=\"elementor-element elementor-element-aa08875 elementor-align-center elementor-widget elementor-widget-button\" data-id=\"aa08875\" data-element_type=\"widget\" data-e-type=\"widget\" data-widget_type=\"button.default\">\n\t\t\t\t<div class=\"elementor-widget-container\">\n\t\t\t\t\t\t\t\t\t<div class=\"elementor-button-wrapper\">\n\t\t\t\t\t<a class=\"elementor-button elementor-button-link elementor-size-sm\" href=\"https:\/\/bilingualtherapy.co.uk\/book-an-appointment-now\/\">\n\t\t\t\t\t\t<span class=\"elementor-button-content-wrapper\">\n\t\t\t\t\t\t\t\t\t<span class=\"elementor-button-text\">Buchen Sie einen Termin <\/span>\n\t\t\t\t\t<\/span>\n\t\t\t\t\t<\/a>\n\t\t\t\t<\/div>\n\t\t\t\t\t\t\t\t<\/div>\n\t\t\t\t<\/div>\n\t\t\t\t<\/div>\n\t\t<div class=\"elementor-element elementor-element-259c7a41 e-con-full e-flex e-con e-child\" data-id=\"259c7a41\" data-element_type=\"container\" data-e-type=\"container\" data-settings=\"{&quot;background_background&quot;:&quot;classic&quot;}\">\n\t\t\t\t<div class=\"elementor-element elementor-element-39987c12 elementor-widget elementor-widget-heading\" data-id=\"39987c12\" data-element_type=\"widget\" data-e-type=\"widget\" data-widget_type=\"heading.default\">\n\t\t\t\t<div class=\"elementor-widget-container\">\n\t\t\t\t\t<p class=\"elementor-heading-title elementor-size-default\">G\u00fcltigkeit der Berichtein<\/p>\t\t\t\t<\/div>\n\t\t\t\t<\/div>\n\t\t\t\t<div class=\"elementor-element elementor-element-77e77ee3 elementor-widget elementor-widget-heading\" data-id=\"77e77ee3\" data-element_type=\"widget\" data-e-type=\"widget\" data-widget_type=\"heading.default\">\n\t\t\t\t<div class=\"elementor-widget-container\">\n\t\t\t\t\t<h3 class=\"elementor-heading-title elementor-size-default\">Italien und im Ausland <\/h3>\t\t\t\t<\/div>\n\t\t\t\t<\/div>\n\t\t\t\t<div class=\"elementor-element elementor-element-60f6e102 elementor-widget elementor-widget-text-editor\" data-id=\"60f6e102\" data-element_type=\"widget\" data-e-type=\"widget\" data-widget_type=\"text-editor.default\">\n\t\t\t\t<div class=\"elementor-widget-container\">\n\t\t\t\t\t\t\t\t\t<p class=\"\">Wir k\u00f6nnen diagnostische Berichte ausstellen, die sowohl in Italien als auch im Ausland anerkannt sind.<\/p><p class=\"\">Da wir in Italien ans\u00e4ssig sind, befolgen wir die italienischen Vorschriften sowie die internationalen klinischen Anforderungen.<\/p><p class=\"\">Das italienische Gesetz 170\/2010 sieht vor, dass die Diagnose einer spezifischen Lernst\u00f6rung von drei Fachkr\u00e4ften durchgef\u00fchrt wird (einer p\u00e4dagogischen Psychologin, einer Neuropsychiaterin und einer Logop\u00e4d*in), die alle \u00fcber zertifizierte Erfahrung in diesem Bereich verf\u00fcgen.<\/p>\t\t\t\t\t\t\t\t<\/div>\n\t\t\t\t<\/div>\n\t\t\t\t<div class=\"elementor-element elementor-element-2fd1714 elementor-align-center elementor-widget elementor-widget-button\" data-id=\"2fd1714\" data-element_type=\"widget\" data-e-type=\"widget\" data-widget_type=\"button.default\">\n\t\t\t\t<div class=\"elementor-widget-container\">\n\t\t\t\t\t\t\t\t\t<div class=\"elementor-button-wrapper\">\n\t\t\t\t\t<a class=\"elementor-button elementor-button-link elementor-size-sm\" href=\"https:\/\/bilingualtherapy.co.uk\/book-an-appointment-now\/\">\n\t\t\t\t\t\t<span class=\"elementor-button-content-wrapper\">\n\t\t\t\t\t\t\t\t\t<span class=\"elementor-button-text\">Buchen Sie einen Termin <\/span>\n\t\t\t\t\t<\/span>\n\t\t\t\t\t<\/a>\n\t\t\t\t<\/div>\n\t\t\t\t\t\t\t\t<\/div>\n\t\t\t\t<\/div>\n\t\t\t\t<\/div>\n\t\t\t\t\t<\/div>\n\t\t\t\t<\/div>\n\t\t<div class=\"elementor-element elementor-element-1e28274 e-flex e-con-boxed e-con e-parent\" data-id=\"1e28274\" data-element_type=\"container\" data-e-type=\"container\" data-settings=\"{&quot;background_background&quot;:&quot;classic&quot;}\">\n\t\t\t\t\t<div class=\"e-con-inner\">\n\t\t\t\t<div class=\"elementor-element elementor-element-8c71dd0 elementor-widget elementor-widget-heading\" data-id=\"8c71dd0\" data-element_type=\"widget\" data-e-type=\"widget\" data-widget_type=\"heading.default\">\n\t\t\t\t<div class=\"elementor-widget-container\">\n\t\t\t\t\t<p class=\"elementor-heading-title elementor-size-default\">ERKENNUNG UND BEWERTUNG VON LERNSCHWIERIGKEITEN<\/p>\t\t\t\t<\/div>\n\t\t\t\t<\/div>\n\t\t\t\t<div class=\"elementor-element elementor-element-b9e9465 elementor-widget elementor-widget-heading\" data-id=\"b9e9465\" data-element_type=\"widget\" data-e-type=\"widget\" data-widget_type=\"heading.default\">\n\t\t\t\t<div class=\"elementor-widget-container\">\n\t\t\t\t\t<h2 class=\"elementor-heading-title elementor-size-default\">Von uns unterst\u00fctzte Sprachen <\/h2>\t\t\t\t<\/div>\n\t\t\t\t<\/div>\n\t\t\t\t<div class=\"elementor-element elementor-element-eadd89b elementor-widget elementor-widget-text-editor\" data-id=\"eadd89b\" data-element_type=\"widget\" data-e-type=\"widget\" data-widget_type=\"text-editor.default\">\n\t\t\t\t<div class=\"elementor-widget-container\">\n\t\t\t\t\t\t\t\t\t<p>Englisch, Franz\u00f6sisch, Spanisch, Italienisch und Deutsch<\/p>\t\t\t\t\t\t\t\t<\/div>\n\t\t\t\t<\/div>\n\t\t\t\t\t<\/div>\n\t\t\t\t<\/div>\n\t\t\t\t<\/div>\n\t\t","protected":false},"excerpt":{"rendered":"<p>ERKENNUNG UND BEWERTUNG VON LERNSCHWIERIGKEITEN ERKENNUNG UND BEWERTUNG VON LERNSCHWIERIGKEITEN Spezifische Lernst\u00f6rungen und Pr\u00fcfungsanpassungen Wir bieten umfassende, multidisziplin\u00e4re Beurteilungen an, um festzustellen, ob eine Sch\u00fclerin eine spezifische Lernst\u00f6rung \u2013 wie Legasthenie oder Dyskalkulie \u2013 oder andere Lernschwierigkeiten hat. Diese Beurteilungen k\u00f6nnen zur Berechtigung von Pr\u00fcfungsanpassungen f\u00fchren, wie Zugangserleichterungen und Nachteilsausgleiche bei Pr\u00fcfungen wie dem Abitur [&hellip;]<\/p>\n","protected":false},"author":6,"featured_media":1490,"parent":0,"menu_order":0,"comment_status":"closed","ping_status":"closed","template":"elementor_header_footer","meta":{"_acf_changed":false,"footnotes":""},"class_list":["post-2128","page","type-page","status-publish","has-post-thumbnail","hentry"],"acf":[],"_links":{"self":[{"href":"https:\/\/bilingualtherapy.co.uk\/de\/wp-json\/wp\/v2\/pages\/2128","targetHints":{"allow":["GET"]}}],"collection":[{"href":"https:\/\/bilingualtherapy.co.uk\/de\/wp-json\/wp\/v2\/pages"}],"about":[{"href":"https:\/\/bilingualtherapy.co.uk\/de\/wp-json\/wp\/v2\/types\/page"}],"author":[{"embeddable":true,"href":"https:\/\/bilingualtherapy.co.uk\/de\/wp-json\/wp\/v2\/users\/6"}],"replies":[{"embeddable":true,"href":"https:\/\/bilingualtherapy.co.uk\/de\/wp-json\/wp\/v2\/comments?post=2128"}],"version-history":[{"count":6,"href":"https:\/\/bilingualtherapy.co.uk\/de\/wp-json\/wp\/v2\/pages\/2128\/revisions"}],"predecessor-version":[{"id":5881,"href":"https:\/\/bilingualtherapy.co.uk\/de\/wp-json\/wp\/v2\/pages\/2128\/revisions\/5881"}],"wp:featuredmedia":[{"embeddable":true,"href":"https:\/\/bilingualtherapy.co.uk\/de\/wp-json\/wp\/v2\/media\/1490"}],"wp:attachment":[{"href":"https:\/\/bilingualtherapy.co.uk\/de\/wp-json\/wp\/v2\/media?parent=2128"}],"curies":[{"name":"wp","href":"https:\/\/api.w.org\/{rel}","templated":true}]}}